{"id":2,"date":"2025-04-07T13:12:35","date_gmt":"2025-04-07T11:12:35","guid":{"rendered":"http:\/\/veterinaire-a-domicile-paris.fr\/?page_id=2"},"modified":"2025-04-10T22:42:11","modified_gmt":"2025-04-10T20:42:11","slug":"page-d-exemple","status":"publish","type":"page","link":"https:\/\/veterinaire-a-domicile-paris.fr\/","title":{"rendered":"Informations pour prendre rdv"},"content":{"rendered":"\n<h4 class=\"wp-block-heading\" id=\"1197386664\"><mark style=\"background-color:rgba(0, 0, 0, 0);color:#8f214f\" class=\"has-inline-color\"><strong> Docteur Christian Ozoux &#8211; V\u00e9t\u00e9rinaire \u00e0 domicile<\/strong> &#8211;<strong>plus de 35 ans d&rsquo;exp\u00e9rience.<\/strong><\/mark><\/h4>\n\n\n\n<figure class=\"wp-block-table\"><table class=\"has-fixed-layout\"><tbody><tr><td><strong>Exer\u00e7ant exclusivement \u00e0 domicile sur Paris Est intramuros et communes limitrophes \u00e0 Paris Est.<\/strong><br><br>Dipl\u00f4m\u00e9 de l&rsquo;Ecole Nationale V\u00e9t\u00e9rinaire de Nantes.<br>Laur\u00e9at de la Facult\u00e9 de M\u00e9decine de Nantes.<br>Laur\u00e9at de l&rsquo;Acad\u00e9mie V\u00e9t\u00e9rinaire de France.<br><br>Inscrit au Tableau de l&rsquo;Ordre sous le num\u00e9ro 3723.<\/td><\/tr><\/tbody><\/table><\/figure>\n\n\n\n<figure class=\"wp-block-image size-full\"><img loading=\"lazy\" decoding=\"async\" width=\"960\" height=\"491\" src=\"https:\/\/veterinaire-a-domicile-paris.fr\/wp-content\/uploads\/2025\/04\/Capture-decran-2025-04-07-161612-2.jpg\" alt=\"\" class=\"wp-image-32\" srcset=\"https:\/\/veterinaire-a-domicile-paris.fr\/wp-content\/uploads\/2025\/04\/Capture-decran-2025-04-07-161612-2.jpg 960w, https:\/\/veterinaire-a-domicile-paris.fr\/wp-content\/uploads\/2025\/04\/Capture-decran-2025-04-07-161612-2-300x153.jpg 300w, https:\/\/veterinaire-a-domicile-paris.fr\/wp-content\/uploads\/2025\/04\/Capture-decran-2025-04-07-161612-2-768x393.jpg 768w\" sizes=\"auto, (max-width: 960px) 100vw, 960px\" \/><\/figure>\n\n\n\n<p>Les v\u00e9t\u00e9rinaires sont tenus d&rsquo;adh\u00e9rer \u00e0 la formation continue, \u00e0 la fois sous la forme de lecture d&rsquo;articles scientifiques ou bien de participation \u00e0 des conf\u00e9rences ou congr\u00e8s.<\/p>\n\n\n\n<p><\/p>\n","protected":false},"excerpt":{"rendered":"<p>Docteur Christian Ozoux &#8211; V\u00e9t\u00e9rinaire \u00e0 domicile &#8211;plus de 35 ans d&rsquo;exp\u00e9rience. Exer\u00e7ant exclusivement \u00e0 domicile sur Paris Est intramuros<\/p>\n","protected":false},"author":1,"featured_media":0,"parent":0,"menu_order":0,"comment_status":"closed","ping_status":"closed","template":"","meta":{"colormag_page_layout":"default_layout","footnotes":""},"class_list":["post-2","page","type-page","status-publish","hentry"],"_links":{"self":[{"href":"https:\/\/veterinaire-a-domicile-paris.fr\/index.php?rest_route=\/wp\/v2\/pages\/2","targetHints":{"allow":["GET"]}}],"collection":[{"href":"https:\/\/veterinaire-a-domicile-paris.fr\/index.php?rest_route=\/wp\/v2\/pages"}],"about":[{"href":"https:\/\/veterinaire-a-domicile-paris.fr\/index.php?rest_route=\/wp\/v2\/types\/page"}],"author":[{"embeddable":true,"href":"https:\/\/veterinaire-a-domicile-paris.fr\/index.php?rest_route=\/wp\/v2\/users\/1"}],"replies":[{"embeddable":true,"href":"https:\/\/veterinaire-a-domicile-paris.fr\/index.php?rest_route=%2Fwp%2Fv2%2Fcomments&post=2"}],"version-history":[{"count":14,"href":"https:\/\/veterinaire-a-domicile-paris.fr\/index.php?rest_route=\/wp\/v2\/pages\/2\/revisions"}],"predecessor-version":[{"id":73,"href":"https:\/\/veterinaire-a-domicile-paris.fr\/index.php?rest_route=\/wp\/v2\/pages\/2\/revisions\/73"}],"wp:attachment":[{"href":"https:\/\/veterinaire-a-domicile-paris.fr\/index.php?rest_route=%2Fwp%2Fv2%2Fmedia&parent=2"}],"curies":[{"name":"wp","href":"https:\/\/api.w.org\/{rel}","templated":true}]}}