{"id":44,"date":"2025-04-10T21:48:38","date_gmt":"2025-04-10T19:48:38","guid":{"rendered":"https:\/\/veterinaire-a-domicile-paris.fr\/?page_id=44"},"modified":"2025-04-10T21:48:38","modified_gmt":"2025-04-10T19:48:38","slug":"services","status":"publish","type":"page","link":"https:\/\/veterinaire-a-domicile-paris.fr\/?page_id=44","title":{"rendered":"Services"},"content":{"rendered":"\n<figure class=\"wp-block-table\"><table class=\"has-fixed-layout\"><tbody><tr><td><\/td><\/tr><\/tbody><\/table><\/figure>\n\n\n\n<ul class=\"wp-block-list\">\n<li><strong>Service de m\u00e9decine classique et pr\u00e9ventive.<\/strong><\/li>\n<\/ul>\n\n\n\n<p>(Consultations de m\u00e9decine, accompagnement fin de vie, examens compl\u00e9mentaires en relation avec un laboratoire v\u00e9t\u00e9rinaire sp\u00e9cialis\u00e9, consultations vaccinales, etc)<\/p>\n\n\n\n<ul class=\"wp-block-list\">\n<li><strong>Pharmacie v\u00e9t\u00e9rinaire et alimentation di\u00e9t\u00e9tique.<\/strong><\/li>\n<\/ul>\n\n\n\n<ul class=\"wp-block-list\">\n<li><strong>Examens compl\u00e9mentaires (radiographies, \u00e9chographies) r\u00e9f\u00e9r\u00e9s.<\/strong><\/li>\n<\/ul>\n\n\n\n<ul class=\"wp-block-list\">\n<li><strong>Service de chirurgie assur\u00e9 ou r\u00e9f\u00e9r\u00e9 selon le cas.<\/strong><\/li>\n<\/ul>\n\n\n\n<p><\/p>\n","protected":false},"excerpt":{"rendered":"<p>(Consultations de m\u00e9decine, accompagnement fin de vie, examens compl\u00e9mentaires en relation avec un laboratoire v\u00e9t\u00e9rinaire sp\u00e9cialis\u00e9, consultations vaccinales, etc)<\/p>\n","protected":false},"author":1,"featured_media":0,"parent":0,"menu_order":0,"comment_status":"closed","ping_status":"closed","template":"","meta":{"colormag_page_layout":"default_layout","footnotes":""},"class_list":["post-44","page","type-page","status-publish","hentry"],"_links":{"self":[{"href":"https:\/\/veterinaire-a-domicile-paris.fr\/index.php?rest_route=\/wp\/v2\/pages\/44","targetHints":{"allow":["GET"]}}],"collection":[{"href":"https:\/\/veterinaire-a-domicile-paris.fr\/index.php?rest_route=\/wp\/v2\/pages"}],"about":[{"href":"https:\/\/veterinaire-a-domicile-paris.fr\/index.php?rest_route=\/wp\/v2\/types\/page"}],"author":[{"embeddable":true,"href":"https:\/\/veterinaire-a-domicile-paris.fr\/index.php?rest_route=\/wp\/v2\/users\/1"}],"replies":[{"embeddable":true,"href":"https:\/\/veterinaire-a-domicile-paris.fr\/index.php?rest_route=%2Fwp%2Fv2%2Fcomments&post=44"}],"version-history":[{"count":1,"href":"https:\/\/veterinaire-a-domicile-paris.fr\/index.php?rest_route=\/wp\/v2\/pages\/44\/revisions"}],"predecessor-version":[{"id":45,"href":"https:\/\/veterinaire-a-domicile-paris.fr\/index.php?rest_route=\/wp\/v2\/pages\/44\/revisions\/45"}],"wp:attachment":[{"href":"https:\/\/veterinaire-a-domicile-paris.fr\/index.php?rest_route=%2Fwp%2Fv2%2Fmedia&parent=44"}],"curies":[{"name":"wp","href":"https:\/\/api.w.org\/{rel}","templated":true}]}}