{"id":47,"date":"2025-04-10T21:59:27","date_gmt":"2025-04-10T19:59:27","guid":{"rendered":"https:\/\/veterinaire-a-domicile-paris.fr\/?page_id=47"},"modified":"2025-04-10T22:11:38","modified_gmt":"2025-04-10T20:11:38","slug":"informations-conseils-et-soins","status":"publish","type":"page","link":"https:\/\/veterinaire-a-domicile-paris.fr\/?page_id=47","title":{"rendered":"Dentisterie"},"content":{"rendered":"\n<p><\/p>\n\n\n\n<figure class=\"wp-block-table\"><table class=\"has-fixed-layout\"><tbody><tr><td class=\"has-text-align-left\" data-align=\"left\"><strong><mark style=\"background-color:rgba(0, 0, 0, 0);color:#293583\" class=\"has-inline-color\">TRAITEMENT DES GENGIVITES<\/mark><\/strong><br>\u00a0 \u00a0 \u00a0 \u00a0 \u00a0 \u00a0Le traitement des gengivites passe avant tout par la d\u00e9sinfection de toute la cavit\u00e9 buccale. Cela n\u2019est possible qu\u2019apr\u00e8s l\u2019\u00e9limination des r\u00e9servoirs \u00e0 bact\u00e9ries que constituent les plaques de tartre et les poches remplies de d\u00e9bris alimentaires en p\u00e9riph\u00e9rie des dents partiellement d\u00e9chauss\u00e9es.<br><br>\u00a0 \u00a0 \u00a0 \u00a0 \u00a0 La premi\u00e8re phase d\u2019un traitement efficace commence donc par le d\u00e9tartrage et le curetage des espaces p\u00e9riodontaux, ainsi que l\u2019extraction des dents condamn\u00e9es. L\u2019intervention, pratiqu\u00e9e sous anesth\u00e9sie g\u00e9n\u00e9rale, se poursuit par le polissage des surfaces dentaires , de fa\u00e7on \u00e0 \u00e9liminer les micro-asp\u00e9rit\u00e9s et retarder ainsi le retour de la plaque dentaire. On utilise ensuite des antibiotiques. Certains conviennent mieux que d\u2019autres, du fait de leur spectre et de leur capacit\u00e9 \u00e0 se concentrer dans la salive et les tissus concern\u00e9s. Les topiques locaux (collutoires, p\u00e2tes dentaires) sont utiles, mais pas toujours suffisants.<br>\u00a0 \u00a0 \u00a0 \u00a0 \u00a0 L\u2019apparition d\u2019une gengivite peut survenir dans le cadre d\u2019une pathologie plus g\u00e9n\u00e9rale. Des examens compl\u00e9mentaires peuvent \u00eatre n\u00e9cessaires (bilan sanguin, biopsie, etc), car il est alors important de traiter la cause r\u00e9elle. En pr\u00e9vention, les laboratoires et fabricants d\u2019aliments ont commercialis\u00e9 de nombreux produits : p\u00e2tes dentifrices, croquettes, comprim\u00e9s et divers objets \u00e0 mastiquer, etc. Certains sont s\u00e9rieux et tr\u00e8s utiles, d\u2019autres sans grand int\u00e9r\u00eat selon le concept et la qualit\u00e9 de fabrication.<br><br><br><strong><mark style=\"background-color:rgba(0, 0, 0, 0);color:#293583\" class=\"has-inline-color\">L\u2019ENTRETIEN BUCCO-DENTAIRE<\/mark><\/strong><br>\u00a0 \u00a0 \u00a0 \u00a0\u00a0<strong>\u00a0 <\/strong>Les soins de la bouche et des dents font partie int\u00e9grante de l\u2019hygi\u00e8ne g\u00e9n\u00e9rale de nos chiens et chats, car les cons\u00e9quences sanitaires \u00e0 terme peuvent \u00eatre tr\u00e8s importantes. Pour pouvoir les assurer, l\u2019animal doit \u00eatre suffisamment docile. Cela commence donc par une bonne \u00e9ducation g\u00e9n\u00e9rale d\u00e8s le plus jeune \u00e2ge, et en particulier par la r\u00e9p\u00e9tition des manipulations bucco-dentaires, naturellement mal accept\u00e9es au d\u00e9part. D\u00e8s l\u2019\u00e9ruption des dents adultes, la plaque dentaire a d\u00e9j\u00e0 tendance \u00e0 se former, puis \u00e0 se min\u00e9raliser pour constituer le tartre. La pr\u00e9disposition \u00e0 ce ph\u00e9nom\u00e8ne varie \u00e9norm\u00e9ment selon les individus.\u00a0<br>\u00a0 \u00a0 \u00a0 \u00a0 \u00a0 La pr\u00e9vention doit donc d\u00e9marrer tr\u00e8s t\u00f4t dans la vie. Il n\u2019existe pas une m\u00e9thode unique, absolue pour ce probl\u00e8me, mais un arsenal de petits moyens qui, bien appliqu\u00e9s, se r\u00e9v\u00e8lent tr\u00e8s efficaces : p\u00e2te dentaire par brossage ou application au doigt (compresse ou doigtier), lamelles et comprim\u00e9s \u00e0 m\u00e2cher, croquettes alimentaires sp\u00e9cifiques. Dans les cas les plus rebelles, on peut associer toutes ces m\u00e9thodes de fa\u00e7on continue. La consultation vaccinale annuelle constitue l\u2019occasion de faire le bilan et de d\u00e9cider des moyens \u00e0 mettre en \u0153uvre, en commen\u00e7ant si besoin par le d\u00e9tartrage complet pratiqu\u00e9 sous anesth\u00e9sie g\u00e9n\u00e9rale.<br><br><br><br><br><strong><mark style=\"background-color:rgba(0, 0, 0, 0);color:#293583\" class=\"has-inline-color\">LES DENTS DU LAPIN<\/mark><\/strong><br>\u00a0 \u00a0 \u00a0 \u00a0 \u00a0 \u00a0Le lapin a une dentition assez primitive. Il poss\u00e8de deux paires d\u2019incisives sur la m\u00e2choire sup\u00e9rieure et une paire sur l\u2019inf\u00e9rieure. Ces dents, dont les racines sont tr\u00e8s longues, poussent de fa\u00e7on continue et l\u2019\u00e9mail n\u2019est pr\u00e9sent que sur la face ant\u00e9rieure, d\u2019o\u00f9 la taille en biseau. Les canines sont absentes et il existe un espace assez long entre les incisives et les pr\u00e9molaires. De chaque c\u00f4t\u00e9 des m\u00e2choires, il y a en haut trois pr\u00e9molaires et trois molaires, et en bas, deux pr\u00e9molaires et trois molaires.. Le nombre total de dents est ainsi de vingt-huit.<br>\u00a0 \u00a0 \u00a0 \u00a0 \u00a0 Les incisives servent \u00e0 prendre, \u00e0 casser, \u00e0 couper la nourriture qui est amen\u00e9e ensuite, par la langue, vers l\u2019arri\u00e8re de la cavit\u00e9 buccale o\u00f9 elle est broy\u00e9e gr\u00e2ce \u00e0 des mouvements de va-et-vient d\u2019avant en arri\u00e8re (mais pas lat\u00e9ralement comme chez d\u2019autres herbivores).<br>\u00a0 \u00a0 \u00a0 \u00a0 \u00a0 Les anomalies dentaires sont fr\u00e9quentes et habituellement consid\u00e9r\u00e9es comme h\u00e9r\u00e9ditaires, d\u2019o\u00f9 l\u2019importance d\u2019\u00e9carter de la reproduction les sujets atteints. Les incisives en d\u00e9calage ne s\u2019usent plus et poussent d\u00e9mesur\u00e9ment, la seule solution est alors de les couper r\u00e9guli\u00e8rement. Les molaires peuvent pr\u00e9senter des saillies qui blessent la muqueuse voisine. Les sympt\u00f4mes de ces affections sont la difficult\u00e9 \u00e0 se nourrir ou le refus total, ainsi qu\u2019un \u00e9coulement de salive qui souille la peau de menton et du cou. Une anesth\u00e9sie g\u00e9n\u00e9rale est souvent n\u00e9cessaire pour \u00e9valuer l\u2019\u00e9tendue des l\u00e9sions.<br><br><br><mark style=\"background-color:rgba(0, 0, 0, 0);color:#293583\" class=\"has-inline-color\"><strong>LE DECHAUSSEMENT DES DENTS<\/strong>\u00a0 <\/mark>\u00a0 \u00a0 \u00a0\u00a0<strong>\u00a0<\/strong><br><strong> <\/strong>Le m\u00e9canisme du d\u00e9chaussement peut se sch\u00e9matiser ainsi : la plaque dentaire se d\u00e9pose et se calcifie pour former le tartre, surtout \u00e0 la jonction gencive-\u00e9mail ; une inflammation de voisinage appara\u00eet alors, s\u2019\u00e9tendant aux tissus qui entourent la dent (gencive, os alv\u00e9olaire, ligament qui maintient la dent dans son alv\u00e9ole) ; les tissus sont progressivement d\u00e9truits, le tartre gagne du terrain et la dent devient mobile.<br>\u00a0 \u00a0 \u00a0 \u00a0 \u00a0 Le d\u00e9chaussement peut n\u2019int\u00e9resser qu\u2019une seule des deux ou trois racines que comporte certaines dents. Au-del\u00e0 d\u2019une certaine limite, il devient de toute fa\u00e7on irr\u00e9versible et il est alors pr\u00e9f\u00e9rable d\u2019extraire au plus vite les dents condamn\u00e9es, m\u00eame si elles sont nombreuses. C\u2019est certes une question de confort pour l\u2019animal (douleur) et pour le ma\u00eetre (odeur), mais surtout la n\u00e9cessit\u00e9 de supprimer un ou des foyers infectieux chroniques qui ont des cons\u00e9quences sanitaires \u00e0 la fois locales et g\u00e9n\u00e9rales, en particulier par migration de bact\u00e9ries vers des organes cibles (rein, c\u0153ur, fois, etc.). Il n\u2019y a donc pas d\u2019alternative, mais on peut se rassurer en sachant qu\u2019un carnivore \u00e9dent\u00e9 peut manger et dig\u00e9rer la nourriture qu\u2019on lui pr\u00e9sente sans aucun probl\u00e8me.<\/td><\/tr><\/tbody><\/table><\/figure>\n\n\n\n<p><\/p>\n","protected":false},"excerpt":{"rendered":"<p>TRAITEMENT DES GENGIVITES\u00a0 \u00a0 \u00a0 \u00a0 \u00a0 \u00a0Le traitement des gengivites passe avant tout par la d\u00e9sinfection de toute la<\/p>\n","protected":false},"author":1,"featured_media":0,"parent":0,"menu_order":0,"comment_status":"closed","ping_status":"closed","template":"","meta":{"colormag_page_layout":"default_layout","footnotes":""},"class_list":["post-47","page","type-page","status-publish","hentry"],"_links":{"self":[{"href":"https:\/\/veterinaire-a-domicile-paris.fr\/index.php?rest_route=\/wp\/v2\/pages\/47","targetHints":{"allow":["GET"]}}],"collection":[{"href":"https:\/\/veterinaire-a-domicile-paris.fr\/index.php?rest_route=\/wp\/v2\/pages"}],"about":[{"href":"https:\/\/veterinaire-a-domicile-paris.fr\/index.php?rest_route=\/wp\/v2\/types\/page"}],"author":[{"embeddable":true,"href":"https:\/\/veterinaire-a-domicile-paris.fr\/index.php?rest_route=\/wp\/v2\/users\/1"}],"replies":[{"embeddable":true,"href":"https:\/\/veterinaire-a-domicile-paris.fr\/index.php?rest_route=%2Fwp%2Fv2%2Fcomments&post=47"}],"version-history":[{"count":5,"href":"https:\/\/veterinaire-a-domicile-paris.fr\/index.php?rest_route=\/wp\/v2\/pages\/47\/revisions"}],"predecessor-version":[{"id":61,"href":"https:\/\/veterinaire-a-domicile-paris.fr\/index.php?rest_route=\/wp\/v2\/pages\/47\/revisions\/61"}],"wp:attachment":[{"href":"https:\/\/veterinaire-a-domicile-paris.fr\/index.php?rest_route=%2Fwp%2Fv2%2Fmedia&parent=47"}],"curies":[{"name":"wp","href":"https:\/\/api.w.org\/{rel}","templated":true}]}}