{"id":50,"date":"2025-04-10T22:02:32","date_gmt":"2025-04-10T20:02:32","guid":{"rendered":"https:\/\/veterinaire-a-domicile-paris.fr\/?page_id=50"},"modified":"2025-04-10T22:10:05","modified_gmt":"2025-04-10T20:10:05","slug":"comportement","status":"publish","type":"page","link":"https:\/\/veterinaire-a-domicile-paris.fr\/?page_id=50","title":{"rendered":"Comportement du chien et du chat"},"content":{"rendered":"\n<figure class=\"wp-block-table\"><table class=\"has-fixed-layout\"><tbody><tr><td class=\"has-text-align-left\" data-align=\"left\"><strong><mark style=\"background-color:rgba(0, 0, 0, 0);color:#293583\" class=\"has-inline-color\">LE CHIEN FUGUEUR<\/mark><\/strong><br>\u00a0 \u00a0 \u00a0 \u00a0 \u00a0\u00a0Un chien est consid\u00e9r\u00e9 comme fugueur lorsqu\u2019il s\u2019\u00e9chappe de son territoire habituel sans l\u2019autorisation de son ma\u00eetre. Il profite d\u2019une opportunit\u00e9 (porte ouverte, trou dans la cl\u00f4ture) ou bien il pr\u00e9m\u00e9dite sa fuite en cr\u00e9ant lui-m\u00eame l\u2019ouverture. Certains reviennent \u00e0 chaque fois spontan\u00e9ment au bout d\u2019un certain temps. D\u2019autres n\u2019ont aucune tendance \u00e0 rebrousser chemin et sont retrouv\u00e9s parfois tr\u00e8s loin.<br>\u00a0 \u00a0 \u00a0 \u00a0 \u00a0 Le fait de fuguer n\u2019est pas une maladie en soi, c\u2019est plut\u00f4t un sympt\u00f4me inscrit dans le cadre d\u2019un trouble plus g\u00e9n\u00e9ral du comportement. Les moyens classiques de dissuasion : cl\u00f4ture renforc\u00e9e ou \u00e9lectrique, colliers \u00e9lectroniques d\u2019\u00e9ducation, etc, ne sont que palliatifs et ne traitent pas la cause.<br>\u00a0 \u00a0 \u00a0 \u00a0 \u00a0 Voici quelques cas de figure, parmi d\u2019autres, de chien fugueur : chien tr\u00e8s dominant, chien qui manque d\u2019attachement ou de contacts avec ses ma\u00eetres, m\u00e2le en rut, femelle en chaleur, s\u00e9nilit\u00e9, pr\u00e9dateur qui part \u00e0 la chasse, changement de foyer, etc. Cela montre la diversit\u00e9 des causes.<br>\u00a0 \u00a0 \u00a0 \u00a0 \u00a0 Le chien fugueur doit donc \u00eatre examin\u00e9 en consultation pour qu\u2019un diagnostic puisse \u00eatre \u00e9tabli . Dans tous les cas, le ma\u00eetre doit respecter certaines r\u00e8gles de base : ne pas punir l\u2019animal lorsqu\u2019il rentre mais au contraire le f\u00e9liciter, travailler r\u00e9guli\u00e8rement l\u2019ob\u00e9issance au rappel et maintenir des rapports \u00e9quilibr\u00e9s pour que le chien trouve sa juste place dans le foyer familial.<br><br><br>\u00a0 \u00a0<strong><mark style=\"background-color:rgba(0, 0, 0, 0);color:#293583\" class=\"has-inline-color\">CHANGEMENT DE TERRITOIRE\u00a0<\/mark> \u00a0<\/strong>\u00a0\u00a0<strong>\u00a0<\/strong><br><strong> \u00a0 \u00a0 \u00a0 \u00a0 <\/strong>A l\u2019occasion d\u2019un d\u00e9m\u00e9nagement, le chien s\u2019adapte facilement \u00e0 son nouveau domicile, ce sont plus les changements d\u2019habitude de son ma\u00eetre qui le perturberont. Quant au chat, on se demande toujours comment il va r\u00e9agir et s\u2019il ne va pas chercher \u00e0 retourner l\u00e0 o\u00f9 il vivait, car il est plus attach\u00e9 \u00e0 son territoire qu\u2019\u00e0 ses ma\u00eetres.\u00a0 \u00a0 \u00a0 \u00a0 \u00a0 Qu\u2019il s\u2019agisse d\u2019une maison avec jardin ou d\u2019un appartement, le chat doit rester enferm\u00e9 un certain temps, pour qu\u2019il ait le loisir de reconna\u00eetre et d\u2019organiser son nouveau domaine en le balisant. Ce marquage s\u2019effectue pas le frottement de la face contre les angles saillants des murs, passages de portes et coins de meubles, d\u00e9posant ainsi des ph\u00e9romones sp\u00e9cifiques qu\u2019il saura reconna\u00eetre. En situation conflictuelle, le chat peut aussi marquer par des jets d\u2019urines et des griffades sur les parois. Ce comportement est d\u00e9sagr\u00e9able pour le ma\u00eetre et peut devenir invivable s\u2019il persiste. Tant que l\u2019am\u00e9nagement n\u2019est pas termin\u00e9 (cartons en attente, meubles chang\u00e9s de place), le chat peut \u00eatre perturb\u00e9 dans son organisation. Si le logement \u00e9tait habit\u00e9 par un autre animal auparavant, cela peut demander plus de temps.<br>\u00a0 \u00a0 \u00a0 \u00a0 \u00a0 Pour \u00e9viter ces probl\u00e8mes, l\u2019utilisation d\u2019un r\u00e9pulsif est inefficace. A l\u2019inverse, un spray \u00e0 base de ph\u00e9romones identiques \u00e0 celles s\u00e9cr\u00e9t\u00e9es par la peau du chat, permet d\u2019acc\u00e9l\u00e9rer la reconnaissance du territoire et d\u2019\u00e9viter les ph\u00e9nom\u00e8nes de marquage urinaire et de griffades.<br><br><br><mark style=\"background-color:rgba(0, 0, 0, 0);color:#293583\" class=\"has-inline-color\"><strong>L \u2018EDUCATION DU CHATON<\/strong>\u00a0<\/mark> \u00a0 \u00a0 \u00a0 <br>\u00a0\u00a0La p\u00e9riode comprise entre trois semaines et deux mois est tr\u00e8s importante pour le chaton : il s\u2019identifie \u00e0 son esp\u00e8ce, sa m\u00e8re l\u2019\u00e9duque et le contact avec ses fr\u00e8res et soeurs<br>lui inculque le respect des autres, le contr\u00f4le des morsures et griffures. Le sevrage naturel par sa m\u00e8re, aussi bien alimentaire que comportemental, lui apprendra \u00e0 s\u2019assumer tout seul.<br>Si, pendant cette phase, les contacts avec les humains sont multiples, c\u2019est encore mieux, car le chaton sera mieux stimul\u00e9 et doublement socialis\u00e9. Ainsi, lorsqu\u2019il int\u00e8gre vers huit semaines sa nouvelle famille, il n\u2019y a plus que quelques r\u00e8gles \u00e0 lui apprendre.<br>\u00a0 \u00a0 \u00a0 \u00a0 \u00a0 \u00a0Le comportement de propret\u00e9 est d\u00e9j\u00e0 acquis. Le comportement alimentaire qui permet au chat de se nourrir en petites quantit\u00e9s plusieurs fois dans la journ\u00e9e doit \u00eatre respect\u00e9. L\u2019animal va lui-m\u00eame organiser son territoire, mais le ma\u00eetre doit d\u2019embl\u00e9e lui indiquer les conditions et les limites (place de la liti\u00e8re, acc\u00e8s interdits, objets \u00e0 respecter, etc). En cas d\u2019infraction, la r\u00e9ponse doit \u00eatre imm\u00e9diate et proportionn\u00e9e. Une r\u00e9ponse diff\u00e9r\u00e9e ne peut \u00eatre que n\u00e9faste.<br>\u00a0 \u00a0 \u00a0 \u00a0 \u00a0 Le ma\u00eetre doit jouer avec son animal , il en profite pour lui apprendre la soumission, mais en respectant certaines r\u00e8gles, en particulier la fa\u00e7on d\u2019aborder l\u2019animal par l\u2019avant du corps qui est la zone de communication alors que la prise de contact directement avec l\u2019arri\u00e8re du corps peut \u00eatre consid\u00e9r\u00e9e comme une agression<\/td><\/tr><\/tbody><\/table><\/figure>\n","protected":false},"excerpt":{"rendered":"<p>LE CHIEN FUGUEUR\u00a0 \u00a0 \u00a0 \u00a0 \u00a0\u00a0Un chien est consid\u00e9r\u00e9 comme fugueur lorsqu\u2019il s\u2019\u00e9chappe de son territoire habituel sans l\u2019autorisation<\/p>\n","protected":false},"author":1,"featured_media":0,"parent":0,"menu_order":0,"comment_status":"closed","ping_status":"closed","template":"","meta":{"colormag_page_layout":"default_layout","footnotes":""},"class_list":["post-50","page","type-page","status-publish","hentry"],"_links":{"self":[{"href":"https:\/\/veterinaire-a-domicile-paris.fr\/index.php?rest_route=\/wp\/v2\/pages\/50","targetHints":{"allow":["GET"]}}],"collection":[{"href":"https:\/\/veterinaire-a-domicile-paris.fr\/index.php?rest_route=\/wp\/v2\/pages"}],"about":[{"href":"https:\/\/veterinaire-a-domicile-paris.fr\/index.php?rest_route=\/wp\/v2\/types\/page"}],"author":[{"embeddable":true,"href":"https:\/\/veterinaire-a-domicile-paris.fr\/index.php?rest_route=\/wp\/v2\/users\/1"}],"replies":[{"embeddable":true,"href":"https:\/\/veterinaire-a-domicile-paris.fr\/index.php?rest_route=%2Fwp%2Fv2%2Fcomments&post=50"}],"version-history":[{"count":4,"href":"https:\/\/veterinaire-a-domicile-paris.fr\/index.php?rest_route=\/wp\/v2\/pages\/50\/revisions"}],"predecessor-version":[{"id":60,"href":"https:\/\/veterinaire-a-domicile-paris.fr\/index.php?rest_route=\/wp\/v2\/pages\/50\/revisions\/60"}],"wp:attachment":[{"href":"https:\/\/veterinaire-a-domicile-paris.fr\/index.php?rest_route=%2Fwp%2Fv2%2Fmedia&parent=50"}],"curies":[{"name":"wp","href":"https:\/\/api.w.org\/{rel}","templated":true}]}}