{"id":62,"date":"2025-04-10T22:14:22","date_gmt":"2025-04-10T20:14:22","guid":{"rendered":"https:\/\/veterinaire-a-domicile-paris.fr\/?page_id=62"},"modified":"2025-04-10T22:19:10","modified_gmt":"2025-04-10T20:19:10","slug":"maladies-et-soins-des-oreilles","status":"publish","type":"page","link":"https:\/\/veterinaire-a-domicile-paris.fr\/?page_id=62","title":{"rendered":"Maladies et soins des oreilles"},"content":{"rendered":"\n<p><strong><mark style=\"background-color:rgba(0, 0, 0, 0);color:#293583\" class=\"has-inline-color\">LES OTITES EXTERNES<\/mark><\/strong><\/p>\n\n\n\n<p>\u00a0L\u2019inflammation du conduit auditif est une cause fr\u00e9quente de consultation. Les manifestations en sont la g\u00eane, le prurit, l\u2019odeur forte, la douleur et la rougeur du pavillon. Les causes sont diverses.<strong>\u00a0\u00a0<\/strong><\/p>\n\n\n\n<p><strong>\u00a0 \u00a0 \u00a0 \u00a0 \u00a0<\/strong> Il existe une forme contagieuse : c\u2019est l\u2019otite parasitaire caus\u00e9e par la pr\u00e9sence d\u2019acariens qui vivent et se reproduisent dans la lumi\u00e8re du conduit. Chez le chat, c\u2019est sans doute la forme la plus fr\u00e9quente. Elle atteint les deux oreilles, se transmet par contact entre chiens et chats, mais ne repr\u00e9sente aucun danger pour l\u2019humain.<strong>\u00a0<\/strong><\/p>\n\n\n\n<p><strong>\u00a0 \u00a0 \u00a0 \u00a0 \u00a0 <\/strong>Les autres formes d\u2019otite associent des facteurs inflammatoires et infectieux de fa\u00e7on interactive. Lorsqu\u2019une seule oreille est atteinte, la cause est souvent ponctuelle, d\u2019origine externe : corps \u00e9tranger, courant d\u2019air froid, p\u00e9n\u00e9tration de liquide, etc. Un traitement sp\u00e9cifique instaur\u00e9 pr\u00e9cocement permet d\u2019\u00e9radiquer le mal. Lorsque les deux oreilles sont atteintes, il s\u2019agit souvent d\u2019un probl\u00e8me plus g\u00e9n\u00e9ral : allergie, gale, d\u00e9s\u00e9quilibre hormonal, etc. D\u2019autres signes cutan\u00e9s peuvent s\u2019y associer. L\u2019application d\u2019un simple topique n\u2019apporte pas de solution durable. Les traitements sont souvent longs et il est pr\u00e9f\u00e9rable de bien rechercher la cause pr\u00e9cise.<\/p>\n\n\n\n<p><strong><mark style=\"background-color:rgba(0, 0, 0, 0);color:#293583\" class=\"has-inline-color\">METTRE DES GOUTTES DANS LES OREILLES<\/mark><\/strong><\/p>\n\n\n\n<p>\u00a0<strong>\u00a0 \u00a0 <\/strong>Les otites externes, fr\u00e9quentes chez le chien et le chat, se traitent par application directe dans les oreilles de topique sous forme liquide ou semi-liquide, aqueux ou gras. Les conduits auditifs des carnivores sont constitu\u00e9s d\u2019une partie verticale qu\u2019on peut palper, et d\u2019une partie horizontale conduisant au tympan. A cause de cette grande longueur relative, un produit d\u00e9pos\u00e9 \u00e0 l\u2019entr\u00e9e ne diffusera pas spontan\u00e9ment jusqu\u2019au fond sans une aide ext\u00e9rieure. La technique de mise en place est donc fondamentale.\u00a0<\/p>\n\n\n\n<p><strong>\u00a0 \u00a0 \u00a0 \u00a0 \u00a0 <\/strong>Une oreille encombr\u00e9e de poil devra \u00eatre \u00e9pil\u00e9e au pr\u00e9alable. Les animaux de petite taille seront plac\u00e9s en hauteur sur un tapis antid\u00e9rapant. Ne pas effectuer les man\u0153uvres parterre \u00e0 quatre pattes, dans le panier du chien ou sur le canap\u00e9 ! La t\u00eate doit \u00eatre maintenue dans l\u2019axe du corps (ni tourn\u00e9e vers le haut, ni sur un c\u00f4t\u00e9). L\u2019op\u00e9rateur tient le pavillon d\u2019une main, en tirant l\u00e9g\u00e8rement vers le haut afin de favoriser l\u2019ouverture du conduit et de r\u00e9duire la courbure. Avec l\u2019autre main, il introduit l\u2019embout du flacon ou du tube selon un axe vertical si la t\u00eate est en bonne position, exerce une pression pour faire sortir le produit, puis masse le cartilage du conduit entre le pouce et les autres doigts afin de pousser le liquide vers le fond. Ne jamais l\u00e2cher le pavillon afin la fin de l\u2019op\u00e9ration<strong>.<\/strong><\/p>\n\n\n\n<p><strong><mark style=\"background-color:rgba(0, 0, 0, 0);color:#293583\" class=\"has-inline-color\">SOINS AUX OREILLES<\/mark><\/strong><\/p>\n\n\n\n<p>\u00a0Chez le chat, aucun soin particulier aux oreilles n\u2019est requis habituellement sauf en cas de probl\u00e8me av\u00e9r\u00e9. Chez le chien, on observe de grandes variations en ce qui concerne la morphologie et la structure m\u00eame de cet organe qui constitue dans tous les cas une zone sensible. Certains individus ont des oreilles naturellement propres et d\u00e9gag\u00e9es, et dans ce cas, il est inutile de faire du z\u00e8le : on ne touche \u00e0 rien et on se contente de surveiller. D\u2019autres ont les oreilles envahies de poils ou constamment souill\u00e9es de c\u00e9rumen, mais aucun sympt\u00f4me \u00e9vocateur d\u2019une g\u00eane r\u00e9elle n\u2019est \u00e0 noter. Dans ce cas, on n\u2019est pas oblig\u00e9 non plus de pratiquer des soins particuliers, car une modification de l\u2019\u00e9quilibre, m\u00eame minime, peut engendrer des r\u00e9actions en cha\u00eene et aboutir \u00e0 terme \u00e0 une otite. Enfin, il y a ceux qui manifestent r\u00e9guli\u00e8rement des sympt\u00f4mes sp\u00e9cifiques : t\u00eate pench\u00e9e, oreilles secou\u00e9es et gratt\u00e9es, odeur forte. Ils n\u00e9cessitent ainsi des soins planifi\u00e9s, parfois d\u2019ordre g\u00e9n\u00e9ral en sus, dont le principe est de favoriser une bonne a\u00e9ration de tout le conduit et de r\u00e9guler la quantit\u00e9 de c\u00e9rumen afin que les populations bact\u00e9riennes et fongiques ne d\u00e9passent pas un certain seuil au-del\u00e0 duquel d\u00e9marre l\u2019inflammation.<\/p>\n\n\n\n<p>Lorsqu\u2019une inflammation du conduit s\u00e9vit ou que le c\u00e9rumen est trop abondant, des soins locaux, et parfois g\u00e9n\u00e9raux, sont apport\u00e9s. Au pr\u00e9alable, il peut \u00eatre n\u00e9cessaire de d\u00e9gager l\u2019orifice et son pourtour de la pr\u00e9sence des poils.<\/p>\n\n\n\n<p>Le coton-tige : l\u2019utilisation de ce petit instrument, chez le chien et le chat, a pour but, non pas de nettoyer, mais d\u2019\u00e9valuer la quantit\u00e9 et les qualit\u00e9s physiques du c\u00e9rumen : couleur, odeur, consistance. On l\u2019introduit dans la premi\u00e8re partie du conduit, on effectue un mouvement de ramassage et on observe le pr\u00e9l\u00e8vement. Sur une paroi enflamm\u00e9e, le contact du coton sec peut \u00eatre irritant et douloureux.<\/p>\n\n\n\n<p>Le nettoyage : il s\u2019effectue en principe \u00e0 l\u2019aide d\u2019un produit nettoyant sp\u00e9cifique. En tenant fermement le pavillon et en le tirant doucement vers le haut, afin d\u2019orienter correctement l\u2019axe du conduit, on introduit la canule \u00e0 l\u2019int\u00e9rieur, on exerce une pression et on retire le flacon sans l\u00e2cher l\u2019oreille. On masse aussit\u00f4t la paroi cartilagineuse, puis on ramasse ce qui ressort avec du coton. L\u2019op\u00e9ration peut \u00eatre r\u00e9it\u00e9r\u00e9e.<\/p>\n\n\n\n<p>Le traitement : le principe de la manipulation est le m\u00eame. La quantit\u00e9 introduite doit \u00eatre ajust\u00e9e \u00e0 la taille du conduit et le massage est \u00e9galement tr\u00e8s important.<\/p>\n\n\n\n<p><strong><mark style=\"background-color:rgba(0, 0, 0, 0);color:#293583\" class=\"has-inline-color\">LES OREILLES DU CHAT<\/mark><\/strong><\/p>\n\n\n\n<p>\u00a0Chez le chat en bonne sant\u00e9, les oreilles ne demandent habituellement aucun entretien. Les pavillons restent naturellement bien d\u00e9gag\u00e9s et propres. Les conduits sont peu encombr\u00e9s de c\u00e9rumen : lorsqu\u2019on y passe un coton-tige, ce dernier ressort quasiment vierge.<\/p>\n\n\n\n<p><strong>\u00a0 \u00a0 \u00a0 \u00a0 \u00a0<\/strong> Les atteintes du pavillon se manifestent par des cro\u00fbtes, des zones enflamm\u00e9es et des d\u00e9pilations. Les plaies de morsures sont fr\u00e9quentes, avec parfois perforation, voire amputation d\u2019une partie du lobe. Chez les chats blancs, on observe, sur les bords, des l\u00e9sions chroniques dues \u00e0 l\u2019action du soleil et qui peuvent finir par canc\u00e9riser. Attention aux petites d\u00e9pilations, \u00e0 l\u2019aspect anodin, qui ne d\u00e9mangent pas toujours, mais qui peuvent \u00eatre l\u2019expression de la teigne, maladie parasitaire fort contagieuse aux autres mammif\u00e8res et \u00e0 l\u2019homme, due \u00e0 un champignon. Les pavillons sont aussi une zone de pr\u00e9dilection pour l\u2019expression des maladies cutan\u00e9es \u00e0 composantes immunitaires, allergiques et autres<strong>.<\/strong><\/p>\n\n\n\n<p><strong>\u00a0 \u00a0 \u00a0 \u00a0 \u00a0 <\/strong>Les atteintes du conduit se remarquent par l\u2019apparition des mouvements de grattage de la base de l\u2019oreille. Les pavillons sont parfois abaiss\u00e9s et anim\u00e9s de petits mouvements convulsifs. Les affections classiquement rencontr\u00e9es sont la gale de l\u2019oreille, ou otacariose, due \u00e0 la pr\u00e9sence d\u2019un acarien, les habituelles otites externes bact\u00e9riennes ou fongiques, avec souvent une composante allergique, sans oublier les tumeurs.<\/p>\n\n\n\n<p><\/p>\n","protected":false},"excerpt":{"rendered":"<p>LES OTITES EXTERNES \u00a0L\u2019inflammation du conduit auditif est une cause fr\u00e9quente de consultation. Les manifestations en sont la g\u00eane, le<\/p>\n","protected":false},"author":1,"featured_media":0,"parent":0,"menu_order":0,"comment_status":"closed","ping_status":"closed","template":"","meta":{"colormag_page_layout":"default_layout","footnotes":""},"class_list":["post-62","page","type-page","status-publish","hentry"],"_links":{"self":[{"href":"https:\/\/veterinaire-a-domicile-paris.fr\/index.php?rest_route=\/wp\/v2\/pages\/62","targetHints":{"allow":["GET"]}}],"collection":[{"href":"https:\/\/veterinaire-a-domicile-paris.fr\/index.php?rest_route=\/wp\/v2\/pages"}],"about":[{"href":"https:\/\/veterinaire-a-domicile-paris.fr\/index.php?rest_route=\/wp\/v2\/types\/page"}],"author":[{"embeddable":true,"href":"https:\/\/veterinaire-a-domicile-paris.fr\/index.php?rest_route=\/wp\/v2\/users\/1"}],"replies":[{"embeddable":true,"href":"https:\/\/veterinaire-a-domicile-paris.fr\/index.php?rest_route=%2Fwp%2Fv2%2Fcomments&post=62"}],"version-history":[{"count":3,"href":"https:\/\/veterinaire-a-domicile-paris.fr\/index.php?rest_route=\/wp\/v2\/pages\/62\/revisions"}],"predecessor-version":[{"id":67,"href":"https:\/\/veterinaire-a-domicile-paris.fr\/index.php?rest_route=\/wp\/v2\/pages\/62\/revisions\/67"}],"wp:attachment":[{"href":"https:\/\/veterinaire-a-domicile-paris.fr\/index.php?rest_route=%2Fwp%2Fv2%2Fmedia&parent=62"}],"curies":[{"name":"wp","href":"https:\/\/api.w.org\/{rel}","templated":true}]}}