{"id":79,"date":"2025-04-10T23:03:53","date_gmt":"2025-04-10T21:03:53","guid":{"rendered":"https:\/\/veterinaire-a-domicile-paris.fr\/?page_id=79"},"modified":"2025-04-10T23:03:53","modified_gmt":"2025-04-10T21:03:53","slug":"informations-diverses","status":"publish","type":"page","link":"https:\/\/veterinaire-a-domicile-paris.fr\/?page_id=79","title":{"rendered":"Informations diverses"},"content":{"rendered":"\n<figure class=\"wp-block-table\"><table class=\"has-fixed-layout\"><tbody><tr><td><strong><mark style=\"background-color:rgba(0, 0, 0, 0);color:#293583\" class=\"has-inline-color\">TECHNOLOGIE POUR LA TELECONSULTATION<\/mark><\/strong><br><br>\u00a0Le plus simple est d&rsquo;utiliser WhatsApp avec le portable, car la cam\u00e9ra du t\u00e9l\u00e9phone permet de se rapprocher, de s&rsquo;\u00e9loigner, de tourner autour sous diff\u00e9rents angles sans g\u00eaner l&rsquo;animal.<br>Avant de d\u00e9marrer la t\u00e9l\u00e9consultation, il peut \u00eatre souhaitable de pr\u00e9parer des photos ou tr\u00e8s courtes vid\u00e9os (10 secondes grand maximum) bien significatives. Les photos: plan \u00e9loign\u00e9, plan rapproch\u00e9, gros plan.<\/td><\/tr><\/tbody><\/table><\/figure>\n\n\n\n<figure class=\"wp-block-table\"><table class=\"has-fixed-layout\"><tbody><tr><td><strong><mark style=\"background-color:rgba(0, 0, 0, 0);color:#293583\" class=\"has-inline-color\">DELIVRANCE DES ORDONNANCES<\/mark><\/strong><br><br>Une ordonnance ne peut \u00eatre d\u00e9livr\u00e9e qu&rsquo;\u00e0 la suite d&rsquo;une consultation.\u00a0 \u00a0Dans le cas d&rsquo;une t\u00e9l\u00e9consultation, la r\u00e8gle est la m\u00eame. L&rsquo;ordonnance sera envoy\u00e9e par mail ou par voie postale.<\/td><\/tr><\/tbody><\/table><\/figure>\n\n\n\n<figure class=\"wp-block-table\"><table class=\"has-fixed-layout\"><tbody><tr><td><strong>TEL<mark style=\"background-color:rgba(0, 0, 0, 0);color:#293583\" class=\"has-inline-color\">ECONSULTATION<\/mark><\/strong><br><br>Gr\u00e2ce \u00e0 un r\u00e9cent d\u00e9cret datant de mai 2020, la m\u00e9decine v\u00e9t\u00e9rinaire \u00e0 distance est autoris\u00e9e \u00e0 titre exp\u00e9rimental pour une dur\u00e9e de 18 mois. Cela ne concerne bien s\u00fbr que les cas qui s&rsquo;y pr\u00eatent et les suivis. Seuls les animaux qui ont \u00e9t\u00e9 examin\u00e9s depuis moins d&rsquo;un an par le v\u00e9t\u00e9rinaire traitant sont admissibles \u00e0 cette pratique. La d\u00e9livrance d&rsquo;une ordonnance suit la m\u00eame r\u00e9glementation qu&rsquo;avec une consultation classique. Elle peut se faire par courrier ou par mail.<\/td><\/tr><\/tbody><\/table><\/figure>\n\n\n\n<p><\/p>\n","protected":false},"excerpt":{"rendered":"<p>TECHNOLOGIE POUR LA TELECONSULTATION \u00a0Le plus simple est d&rsquo;utiliser WhatsApp avec le portable, car la cam\u00e9ra du t\u00e9l\u00e9phone permet de<\/p>\n","protected":false},"author":1,"featured_media":0,"parent":0,"menu_order":0,"comment_status":"closed","ping_status":"closed","template":"","meta":{"colormag_page_layout":"default_layout","footnotes":""},"class_list":["post-79","page","type-page","status-publish","hentry"],"_links":{"self":[{"href":"https:\/\/veterinaire-a-domicile-paris.fr\/index.php?rest_route=\/wp\/v2\/pages\/79","targetHints":{"allow":["GET"]}}],"collection":[{"href":"https:\/\/veterinaire-a-domicile-paris.fr\/index.php?rest_route=\/wp\/v2\/pages"}],"about":[{"href":"https:\/\/veterinaire-a-domicile-paris.fr\/index.php?rest_route=\/wp\/v2\/types\/page"}],"author":[{"embeddable":true,"href":"https:\/\/veterinaire-a-domicile-paris.fr\/index.php?rest_route=\/wp\/v2\/users\/1"}],"replies":[{"embeddable":true,"href":"https:\/\/veterinaire-a-domicile-paris.fr\/index.php?rest_route=%2Fwp%2Fv2%2Fcomments&post=79"}],"version-history":[{"count":1,"href":"https:\/\/veterinaire-a-domicile-paris.fr\/index.php?rest_route=\/wp\/v2\/pages\/79\/revisions"}],"predecessor-version":[{"id":80,"href":"https:\/\/veterinaire-a-domicile-paris.fr\/index.php?rest_route=\/wp\/v2\/pages\/79\/revisions\/80"}],"wp:attachment":[{"href":"https:\/\/veterinaire-a-domicile-paris.fr\/index.php?rest_route=%2Fwp%2Fv2%2Fmedia&parent=79"}],"curies":[{"name":"wp","href":"https:\/\/api.w.org\/{rel}","templated":true}]}}